{"id":38,"date":"2014-08-28T11:56:13","date_gmt":"2014-08-28T14:56:13","guid":{"rendered":"http:\/\/www.idesb.org.br\/?page_id=38"},"modified":"2014-08-28T21:15:13","modified_gmt":"2014-08-29T00:15:13","slug":"inicio","status":"publish","type":"page","link":"https:\/\/www.idesb.org.br\/","title":{"rendered":"In\u00edcio"},"content":{"rendered":"<p>&nbsp;<\/p>\n<h1 style=\"padding-left: 30px;\"><\/h1>\n<h1 style=\"text-align: center;\"><\/h1>\n<p style=\"text-align: justify;\"><em>Recebemos do Senhor um chamado muito espec\u00edfico em rela\u00e7\u00e3o ao trabalho a ser realizado para o Reino de Deus:<\/em><\/p>\n<h1><span style=\"color: #3366ff;\"><strong>A evangeliza\u00e7\u00e3o em pres\u00eddios<\/strong><\/span><\/h1>\n<p>&nbsp;<\/p>\n<p style=\"text-align: justify;\"><em>O trabalho consiste em adentrar os p\u00e1tios de conv\u00edvio onde as pessoas presas cumprem pena, e neste local ensinar princ\u00edpios e valores Crist\u00e3os.\u00a0<\/em><\/p>\n<p style=\"text-align: justify;\"><em>Muitas vezes o que \u00e9 \u00f3bvio precisa ser dito, \u00e9 um trabalho de reconstru\u00e7\u00e3o de valores e de car\u00e1ter e os resultados tem sido surpreendentes.<\/em><\/p>\n<h1><span style=\"color: #3366ff;\"><strong>O IDESB<\/strong><\/span><\/h1>\n<p style=\"text-align: justify;\"><em>Com o passar do tempo identificamos que a evangeliza\u00e7\u00e3o precisava de suporte financeiro para continuar avan\u00e7ando, pois as demandas eram muitas:<\/em><\/p>\n<p style=\"text-align: justify;\"><em>-Maioria das fam\u00edlias dos detentos em situa\u00e7\u00e3o de mis\u00e9ria absoluta;<\/em><\/p>\n<p style=\"text-align: justify;\"><em>-Compras constantes de material de trabalho e de B\u00edblias;<\/em><\/p>\n<p style=\"text-align: justify;\"><em>-Despesas diversas dos evangelizadores, como alimenta\u00e7\u00e3o transporte e hospedagem;<\/em><\/p>\n<p style=\"text-align: justify;\"><em>Al\u00e9m dos custos e despesas j\u00e1 citados, precis\u00e1vamos dar a estes homens e mulheres qualifica\u00e7\u00e3o profissional e oportunidade de trabalho honesto. Foi quando nasceu o IDESB.<\/em><\/p>\n<p style=\"text-align: justify;\"><em>IDESB- Concebido para dar o suporte financeiro necess\u00e1rio ao trabalho de evangeliza\u00e7\u00e3o, o IDESB prospecta em empresas o trabalho social em pres\u00eddios para oferecer m\u00e3o de obra de apenados e egressos carcer\u00e1rios. A empresa passa a usufruir dos benef\u00edcios fiscais concedidos pelo governo federal e a isen\u00e7\u00e3o de v\u00ednculos e encargos trabalhistas.\u00a0<\/em><\/p>\n<h1><span style=\"color: #3366ff;\"><strong>Tribunal de Justi\u00e7a do Estado da Bahia<\/strong><\/span><\/h1>\n<p style=\"text-align: justify;\">\u00a0<em>O IDESB fez uma parceria com Tribunal de Justi\u00e7a do Estado da Bahia e ingressou no Projeto Come\u00e7ar de Novo e hoje trabalhamos lado a lado com esta importante e comprometida institui\u00e7\u00e3o e a soma de esfor\u00e7os tem trazido uma sinergia extremamente ben\u00e9fica pelo bem comum.<\/em><\/p>\n<p style=\"text-align: justify;\"><em>O IDESB &#8211; junto as empresas o IDESB se porta como um terceirizador de m\u00e3o de obra de apenados e egressos, sendo respons\u00e1vel por todas as etapas desta rela\u00e7\u00e3o laboral, desde a contrata\u00e7\u00e3o at\u00e9 o desligamento. As empresas em contrapartida pagam uma taxa de administra\u00e7\u00e3o ao IDESB que supre as necessidades j\u00e1 elencadas.<\/em><\/p>\n<p style=\"text-align: justify;\"><em>Ou seja, com o ingresso do IDESB ao programa al\u00e9m da evangeliza\u00e7\u00e3o poder continuar avan\u00e7ando, temos qualifica\u00e7\u00e3o profissional fornecida pelas empresas parceiras e remunera\u00e7\u00e3o aos apenados e egressos. Com isso os pilares do trabalho foram estabelecidos:<\/em><\/p>\n<p style=\"text-align: justify;\"><em>&#8211; Evangeliza\u00e7\u00e3o;<\/em><\/p>\n<p style=\"text-align: justify;\"><em>&#8211; Apoio \u00e0s Fam\u00edlias;<\/em><\/p>\n<p style=\"text-align: justify;\"><em>&#8211; Fonte de renda honesta para apenados e egressos com aprendizado impl\u00edcito: \u00a0\u00a0<\/em><strong><em>\u00a0\u201cter que trabalhar para obter renda\u201d;<\/em><\/strong><\/p>\n<p style=\"text-align: justify;\"><em>-Qualifica\u00e7\u00e3o profissional.<\/em><\/p>\n","protected":false},"excerpt":{"rendered":"<p>&nbsp; Recebemos do Senhor um chamado muito espec\u00edfico em rela\u00e7\u00e3o ao trabalho a ser realizado para o Reino de Deus: A evangeliza\u00e7\u00e3o em pres\u00eddios &nbsp; O trabalho consiste em adentrar os p\u00e1tios de conv\u00edvio onde as pessoas presas cumprem pena, e neste local ensinar princ\u00edpios e valores Crist\u00e3os.\u00a0 Muitas vezes o que \u00e9 \u00f3bvio precisa &hellip; <a href=\"https:\/\/www.idesb.org.br\/\" class=\"more-link\">Continue lendo <span class=\"screen-reader-text\">In\u00edcio<\/span> <span class=\"meta-nav\">&rarr;<\/span><\/a><\/p>\n","protected":false},"author":1,"featured_media":0,"parent":0,"menu_order":0,"comment_status":"open","ping_status":"open","template":"","meta":{"footnotes":""},"class_list":["post-38","page","type-page","status-publish","hentry"],"_links":{"self":[{"href":"https:\/\/www.idesb.org.br\/index.php?rest_route=\/wp\/v2\/pages\/38","targetHints":{"allow":["GET"]}}],"collection":[{"href":"https:\/\/www.idesb.org.br\/index.php?rest_route=\/wp\/v2\/pages"}],"about":[{"href":"https:\/\/www.idesb.org.br\/index.php?rest_route=\/wp\/v2\/types\/page"}],"author":[{"embeddable":true,"href":"https:\/\/www.idesb.org.br\/index.php?rest_route=\/wp\/v2\/users\/1"}],"replies":[{"embeddable":true,"href":"https:\/\/www.idesb.org.br\/index.php?rest_route=%2Fwp%2Fv2%2Fcomments&post=38"}],"version-history":[{"count":9,"href":"https:\/\/www.idesb.org.br\/index.php?rest_route=\/wp\/v2\/pages\/38\/revisions"}],"predecessor-version":[{"id":147,"href":"https:\/\/www.idesb.org.br\/index.php?rest_route=\/wp\/v2\/pages\/38\/revisions\/147"}],"wp:attachment":[{"href":"https:\/\/www.idesb.org.br\/index.php?rest_route=%2Fwp%2Fv2%2Fmedia&parent=38"}],"curies":[{"name":"wp","href":"https:\/\/api.w.org\/{rel}","templated":true}]}}